{"id":1652,"date":"2025-12-02T09:47:12","date_gmt":"2025-12-02T13:47:12","guid":{"rendered":"https:\/\/servicioscasmar.com\/web\/?page_id=1652"},"modified":"2025-12-02T11:07:28","modified_gmt":"2025-12-02T15:07:28","slug":"compromisos","status":"publish","type":"page","link":"https:\/\/servicioscasmar.com\/web\/compromisos\/","title":{"rendered":"Compromisos"},"content":{"rendered":"\t\t<div data-elementor-type=\"wp-page\" data-elementor-id=\"1652\" class=\"elementor elementor-1652\" data-elementor-post-type=\"page\">\n\t\t\t\t<div class=\"elementor-element elementor-element-0a74fb1 e-flex e-con-boxed e-con e-parent\" data-id=\"0a74fb1\" data-element_type=\"container\" data-e-type=\"container\" data-settings=\"{&quot;background_background&quot;:&quot;classic&quot;}\">\n\t\t\t\t\t<div class=\"e-con-inner\">\n\t\t\t\t\t<\/div>\n\t\t\t\t<\/div>\n\t\t<div class=\"elementor-element elementor-element-808c431 e-flex e-con-boxed e-con e-parent\" data-id=\"808c431\" data-element_type=\"container\" data-e-type=\"container\" data-settings=\"{&quot;background_background&quot;:&quot;classic&quot;}\">\n\t\t\t\t\t<div class=\"e-con-inner\">\n\t\t<div class=\"elementor-element elementor-element-7fbed8f e-con-full animated-slow e-flex elementor-invisible e-con e-child\" data-id=\"7fbed8f\" data-element_type=\"container\" data-e-type=\"container\" data-settings=\"{&quot;animation&quot;:&quot;slideInLeft&quot;,&quot;animation_delay&quot;:500}\">\n\t\t\t\t<div class=\"elementor-element elementor-element-3ea1c3e elementor-widget elementor-widget-heading\" data-id=\"3ea1c3e\" data-element_type=\"widget\" data-e-type=\"widget\" data-widget_type=\"heading.default\">\n\t\t\t\t\t<h2 class=\"elementor-heading-title elementor-size-default\">Compromisos<\/h2>\t\t\t\t<\/div>\n\t\t\t\t<\/div>\n\t\t\t\t\t<\/div>\n\t\t\t\t<\/div>\n\t\t<div class=\"elementor-element elementor-element-ad8ded5 e-flex e-con-boxed e-con e-parent\" data-id=\"ad8ded5\" data-element_type=\"container\" data-e-type=\"container\">\n\t\t\t\t\t<div class=\"e-con-inner\">\n\t\t\t\t<div class=\"elementor-element elementor-element-37cf535 elementor-widget elementor-widget-menu-anchor\" data-id=\"37cf535\" data-element_type=\"widget\" data-e-type=\"widget\" data-widget_type=\"menu-anchor.default\">\n\t\t\t\t\t\t\t<div class=\"elementor-menu-anchor\" id=\"politica-de-calidad\"><\/div>\n\t\t\t\t\t\t<\/div>\n\t\t\t\t\t<\/div>\n\t\t\t\t<\/div>\n\t\t<div class=\"elementor-element elementor-element-ab13b01 animated-slow e-flex e-con-boxed elementor-invisible e-con e-parent\" data-id=\"ab13b01\" data-element_type=\"container\" data-e-type=\"container\" data-settings=\"{&quot;background_background&quot;:&quot;classic&quot;,&quot;animation&quot;:&quot;slideInLeft&quot;,&quot;animation_delay&quot;:500}\">\n\t\t\t\t\t<div class=\"e-con-inner\">\n\t\t<div class=\"elementor-element elementor-element-41db01c e-con-full e-flex e-con e-child\" data-id=\"41db01c\" data-element_type=\"container\" data-e-type=\"container\">\n\t\t\t\t<div class=\"elementor-element elementor-element-f25c259 elementor-widget elementor-widget-heading\" data-id=\"f25c259\" data-element_type=\"widget\" data-e-type=\"widget\" data-widget_type=\"heading.default\">\n\t\t\t\t\t<h2 class=\"elementor-heading-title elementor-size-default\">Pol\u00edtica de Calidad<\/h2>\t\t\t\t<\/div>\n\t\t\t\t<div class=\"elementor-element elementor-element-0690af1 elementor-widget elementor-widget-text-editor\" data-id=\"0690af1\" data-element_type=\"widget\" data-e-type=\"widget\" data-widget_type=\"text-editor.default\">\n\t\t\t\t\t\t\t\t\t<p>En SERVICIOS GENERALES CASMAR, C. A, tenemos el firme prop\u00f3sito de ser un aliado estrat\u00e9gico para la industria petrolera, es por ello que estamos comprometidos con la prestaci\u00f3n de servicios confiables, eficientes y adaptados a satisfacer las necesidades de nuestros clientes, incluyendo pruebas de producci\u00f3n a pozos, toma de niveles de fluidos, cartas dinamogr\u00e1ficas y servicios log\u00edsticos transversales.<\/p>\t\t\t\t\t\t\t\t<\/div>\n\t\t\t\t<\/div>\n\t\t<div class=\"elementor-element elementor-element-6064024 e-con-full e-flex e-con e-child\" data-id=\"6064024\" data-element_type=\"container\" data-e-type=\"container\">\n\t\t\t\t<div class=\"elementor-element elementor-element-e3e3540 stretch-right elementor-widget elementor-widget-image\" data-id=\"e3e3540\" data-element_type=\"widget\" data-e-type=\"widget\" data-widget_type=\"image.default\">\n\t\t\t\t\t\t\t\t\t\t\t\t\t\t\t<img fetchpriority=\"high\" decoding=\"async\" width=\"1080\" height=\"331\" src=\"https:\/\/servicioscasmar.com\/web\/wp-content\/uploads\/2025\/11\/Prueba-a-pozo-2.jpg\" class=\"attachment-full size-full wp-image-965\" alt=\"\" srcset=\"https:\/\/servicioscasmar.com\/web\/wp-content\/uploads\/2025\/11\/Prueba-a-pozo-2.jpg 1080w, https:\/\/servicioscasmar.com\/web\/wp-content\/uploads\/2025\/11\/Prueba-a-pozo-2-300x92.jpg 300w, https:\/\/servicioscasmar.com\/web\/wp-content\/uploads\/2025\/11\/Prueba-a-pozo-2-1024x314.jpg 1024w, https:\/\/servicioscasmar.com\/web\/wp-content\/uploads\/2025\/11\/Prueba-a-pozo-2-768x235.jpg 768w, https:\/\/servicioscasmar.com\/web\/wp-content\/uploads\/2025\/11\/Prueba-a-pozo-2-1000x306.jpg 1000w, https:\/\/servicioscasmar.com\/web\/wp-content\/uploads\/2025\/11\/Prueba-a-pozo-2-230x70.jpg 230w, https:\/\/servicioscasmar.com\/web\/wp-content\/uploads\/2025\/11\/Prueba-a-pozo-2-350x107.jpg 350w, https:\/\/servicioscasmar.com\/web\/wp-content\/uploads\/2025\/11\/Prueba-a-pozo-2-480x147.jpg 480w\" sizes=\"(max-width: 1080px) 100vw, 1080px\" \/>\t\t\t\t\t\t\t\t\t\t\t\t\t\t\t<\/div>\n\t\t\t\t<div class=\"elementor-element elementor-element-3bdd668 elementor-widget elementor-widget-menu-anchor\" data-id=\"3bdd668\" data-element_type=\"widget\" data-e-type=\"widget\" data-widget_type=\"menu-anchor.default\">\n\t\t\t\t\t\t\t<div class=\"elementor-menu-anchor\" id=\"vision\"><\/div>\n\t\t\t\t\t\t<\/div>\n\t\t\t\t<\/div>\n\t\t\t\t\t<\/div>\n\t\t\t\t<\/div>\n\t\t<div class=\"elementor-element elementor-element-be8d052 e-grid e-con-boxed e-con e-parent\" data-id=\"be8d052\" data-element_type=\"container\" data-e-type=\"container\">\n\t\t\t\t\t<div class=\"e-con-inner\">\n\t\t\t\t<div class=\"elementor-element elementor-element-a843cde elementor-widget elementor-widget-text-editor\" data-id=\"a843cde\" data-element_type=\"widget\" data-e-type=\"widget\" data-widget_type=\"text-editor.default\">\n\t\t\t\t\t\t\t\t\t<p><b>Para el logro de nuestro prop\u00f3sito:<\/b><\/p>\n<ul>\n<li>Nos enfocamos en entender, anticipar y superar las expectativas de nuestros clientes, ofreciendo soluciones t\u00e9cnicas y log\u00edsticas que aporten valor y fortalezcan relaciones de confianza.<\/li>\n<li>Promovemos la eficiencia, la calidad y la mejora continua en todos nuestros procesos, garantizando resultados consistentes y de alto desempe\u00f1o.<\/li>\n<li>Aseguramos el cumplimiento de los requisitos legales, reglamentarios y contractuales aplicables, as\u00ed como de los requisitos del sistema de gesti\u00f3n de la calidad bajo los est\u00e1ndares de la norma ISO 9001.<\/li>\n<li>Fomentamos el crecimiento integral de nuestros trabajadores mediante la formaci\u00f3n, el trabajo en equipo y el liderazgo participativo, como base de nuestra capacidad operativa.<\/li>\n<li>Impulsamos una cultura de mejora continua, incorporando tecnolog\u00edas y soluciones innovadoras que nos permitan responder eficazmente a los desaf\u00edos del entorno.<\/li>\n<li>Ejecutamos nuestras actividades con responsabilidad ambiental y altos est\u00e1ndares de seguridad industrial e higiene ocupacional, contribuyendo al bienestar de nuestros trabajadores y al cuidado del entorno.<\/li>\n<\/ul>\t\t\t\t\t\t\t\t<\/div>\n\t\t\t\t\t<\/div>\n\t\t\t\t<\/div>\n\t\t<div class=\"elementor-element elementor-element-0a0fd95 e-flex e-con-boxed e-con e-parent\" data-id=\"0a0fd95\" data-element_type=\"container\" data-e-type=\"container\">\n\t\t\t\t\t<div class=\"e-con-inner\">\n\t\t\t\t<div class=\"elementor-element elementor-element-dfa3058 elementor-widget elementor-widget-menu-anchor\" data-id=\"dfa3058\" data-element_type=\"widget\" data-e-type=\"widget\" data-widget_type=\"menu-anchor.default\">\n\t\t\t\t\t\t\t<div class=\"elementor-menu-anchor\" id=\"politica-de-seguridad-y-salud-laboral\"><\/div>\n\t\t\t\t\t\t<\/div>\n\t\t\t\t\t<\/div>\n\t\t\t\t<\/div>\n\t\t<div class=\"elementor-element elementor-element-8f70526 animated-slow e-flex e-con-boxed elementor-invisible e-con e-parent\" data-id=\"8f70526\" data-element_type=\"container\" data-e-type=\"container\" data-settings=\"{&quot;background_background&quot;:&quot;classic&quot;,&quot;animation&quot;:&quot;slideInLeft&quot;,&quot;animation_delay&quot;:500}\">\n\t\t\t\t\t<div class=\"e-con-inner\">\n\t\t<div class=\"elementor-element elementor-element-2f6685b e-con-full e-flex e-con e-child\" data-id=\"2f6685b\" data-element_type=\"container\" data-e-type=\"container\">\n\t\t\t\t<div class=\"elementor-element elementor-element-ab0fe61 elementor-widget elementor-widget-heading\" data-id=\"ab0fe61\" data-element_type=\"widget\" data-e-type=\"widget\" data-widget_type=\"heading.default\">\n\t\t\t\t\t<h2 class=\"elementor-heading-title elementor-size-default\">Pol\u00edtica de Seguridad y Salud Laboral<\/h2>\t\t\t\t<\/div>\n\t\t\t\t<div class=\"elementor-element elementor-element-92ce0c2 elementor-widget__width-inherit elementor-widget elementor-widget-text-editor\" data-id=\"92ce0c2\" data-element_type=\"widget\" data-e-type=\"widget\" data-widget_type=\"text-editor.default\">\n\t\t\t\t\t\t\t\t\t<p>En <strong>Servicios Generales CASMAR C. A<\/strong>, asumimos como compromiso fundamental el<br>salvaguardar la integridad y salud de los trabajadores y trabajadoras, clientes, proveedores y partes interesadas; a trav\u00e9s de un estricto control de los riesgos en todas nuestras operaciones y la mejora continua de nuestros procesos. Nuestra gesti\u00f3n de control de riesgo permite ejecutar de manera impecable y segura las actividades, adem\u00e1s de promover la participaci\u00f3n activa de los trabajadores y trabajadoras, en el desarrollo, planificaci\u00f3n, implementaci\u00f3n y mejoras de los programas y planes de seguridad y salud laboral para lograr:<\/p>\t\t\t\t\t\t\t\t<\/div>\n\t\t\t\t<\/div>\n\t\t<div class=\"elementor-element elementor-element-48d184e e-con-full e-flex e-con e-child\" data-id=\"48d184e\" data-element_type=\"container\" data-e-type=\"container\">\n\t\t\t\t<div class=\"elementor-element elementor-element-e8b67e6 stretch-right elementor-widget elementor-widget-image\" data-id=\"e8b67e6\" data-element_type=\"widget\" data-e-type=\"widget\" data-widget_type=\"image.default\">\n\t\t\t\t\t\t\t\t\t\t\t\t\t\t\t<img decoding=\"async\" width=\"960\" height=\"720\" src=\"https:\/\/servicioscasmar.com\/web\/wp-content\/uploads\/2025\/11\/Soldadura-1-e1764536832316.jpg\" class=\"attachment-full size-full wp-image-967\" alt=\"\" srcset=\"https:\/\/servicioscasmar.com\/web\/wp-content\/uploads\/2025\/11\/Soldadura-1-e1764536832316.jpg 960w, https:\/\/servicioscasmar.com\/web\/wp-content\/uploads\/2025\/11\/Soldadura-1-e1764536832316-300x225.jpg 300w, https:\/\/servicioscasmar.com\/web\/wp-content\/uploads\/2025\/11\/Soldadura-1-e1764536832316-768x576.jpg 768w, https:\/\/servicioscasmar.com\/web\/wp-content\/uploads\/2025\/11\/Soldadura-1-e1764536832316-230x173.jpg 230w, https:\/\/servicioscasmar.com\/web\/wp-content\/uploads\/2025\/11\/Soldadura-1-e1764536832316-350x263.jpg 350w, https:\/\/servicioscasmar.com\/web\/wp-content\/uploads\/2025\/11\/Soldadura-1-e1764536832316-480x360.jpg 480w\" sizes=\"(max-width: 960px) 100vw, 960px\" \/>\t\t\t\t\t\t\t\t\t\t\t\t\t\t\t<\/div>\n\t\t\t\t<\/div>\n\t\t\t\t\t<\/div>\n\t\t\t\t<\/div>\n\t\t<div class=\"elementor-element elementor-element-da6e900 e-grid e-con-boxed e-con e-parent\" data-id=\"da6e900\" data-element_type=\"container\" data-e-type=\"container\" data-settings=\"{&quot;background_background&quot;:&quot;classic&quot;}\">\n\t\t\t\t\t<div class=\"e-con-inner\">\n\t\t\t\t<div class=\"elementor-element elementor-element-036d867 elementor-widget elementor-widget-text-editor\" data-id=\"036d867\" data-element_type=\"widget\" data-e-type=\"widget\" data-widget_type=\"text-editor.default\">\n\t\t\t\t\t\t\t\t\t<ul><li>Eliminar los peligros y reducir los riesgos que permiten prevenir lesiones, y el<br \/>deterioro de la salud f\u00edsica y mental.<\/li><li>Proporcionar un ambiente seguro y saludable; as\u00ed como el resguardo de las instalaciones f\u00edsicas, equipos y maquinarias.<\/li><li>Garantizar el cumplimiento de Ley Org\u00e1nica de Prevenci\u00f3n, Condiciones y Medio Ambiente de Trabajo (LOPCYMAT) y su reglamento y dem\u00e1s normativas en materia de seguridad e higiene ocupacional.<\/li><li>La conservaci\u00f3n del ambiente y la protecci\u00f3n de las \u00e1reas vecinas con sentido de responsabilidad social.<\/li><\/ul><p>Todos los miembros de <strong>Servicios Generales CASMAR C.A<\/strong>. aplicamos en nuestras actividades los valores y principios de <strong>CONFIANZA E INTEGRIDAD, COLABORACI\u00d3N Y TRABAJO EN EQUIPO,<\/strong> con el fin de realizar un trabajo seguro desde la primera vez y por siempre.<\/p>\t\t\t\t\t\t\t\t<\/div>\n\t\t\t\t\t<\/div>\n\t\t\t\t<\/div>\n\t\t<div class=\"elementor-element elementor-element-182985e e-flex e-con-boxed e-con e-parent\" data-id=\"182985e\" data-element_type=\"container\" data-e-type=\"container\">\n\t\t\t\t\t<div class=\"e-con-inner\">\n\t\t\t\t<div class=\"elementor-element elementor-element-e9c4ce7 elementor-widget elementor-widget-menu-anchor\" data-id=\"e9c4ce7\" data-element_type=\"widget\" data-e-type=\"widget\" data-widget_type=\"menu-anchor.default\">\n\t\t\t\t\t\t\t<div class=\"elementor-menu-anchor\" id=\"politica-ambiental\"><\/div>\n\t\t\t\t\t\t<\/div>\n\t\t\t\t\t<\/div>\n\t\t\t\t<\/div>\n\t\t<div class=\"elementor-element elementor-element-73cba0d animated-slow e-flex e-con-boxed elementor-invisible e-con e-parent\" data-id=\"73cba0d\" data-element_type=\"container\" data-e-type=\"container\" data-settings=\"{&quot;background_background&quot;:&quot;classic&quot;,&quot;animation&quot;:&quot;slideInLeft&quot;,&quot;animation_delay&quot;:500}\">\n\t\t\t\t\t<div class=\"e-con-inner\">\n\t\t<div class=\"elementor-element elementor-element-71859b1 e-con-full e-flex e-con e-child\" data-id=\"71859b1\" data-element_type=\"container\" data-e-type=\"container\">\n\t\t\t\t<div class=\"elementor-element elementor-element-e5b39bc elementor-widget elementor-widget-heading\" data-id=\"e5b39bc\" data-element_type=\"widget\" data-e-type=\"widget\" data-widget_type=\"heading.default\">\n\t\t\t\t\t<h2 class=\"elementor-heading-title elementor-size-default\">Pol\u00edtica Ambiental<\/h2>\t\t\t\t<\/div>\n\t\t\t\t<div class=\"elementor-element elementor-element-ce0e8ab elementor-widget elementor-widget-text-editor\" data-id=\"ce0e8ab\" data-element_type=\"widget\" data-e-type=\"widget\" data-widget_type=\"text-editor.default\">\n\t\t\t\t\t\t\t\t\t<p>En <strong>Servicios Generales CASMAR C.A.<\/strong>, tenemos un alto sentido de responsabilidad con la protecci\u00f3n del ambiente como un pilar fundamental para el logro de la prestaci\u00f3n de servicios sostenibles. Nuestro compromiso\u00a0 abarca la minimizaci\u00f3n, prevenci\u00f3n y reducci\u00f3n de los impactos adversos al ambiente generado por nuestras operaciones, mediante:<\/p>\t\t\t\t\t\t\t\t<\/div>\n\t\t\t\t<\/div>\n\t\t<div class=\"elementor-element elementor-element-a3e7d11 e-con-full e-flex e-con e-child\" data-id=\"a3e7d11\" data-element_type=\"container\" data-e-type=\"container\">\n\t\t\t\t<div class=\"elementor-element elementor-element-35221cb stretch-right elementor-widget elementor-widget-image\" data-id=\"35221cb\" data-element_type=\"widget\" data-e-type=\"widget\" data-widget_type=\"image.default\">\n\t\t\t\t\t\t\t\t\t\t\t\t\t\t\t<img fetchpriority=\"high\" decoding=\"async\" width=\"1080\" height=\"331\" src=\"https:\/\/servicioscasmar.com\/web\/wp-content\/uploads\/2025\/11\/Prueba-a-pozo-2.jpg\" class=\"attachment-full size-full wp-image-965\" alt=\"\" srcset=\"https:\/\/servicioscasmar.com\/web\/wp-content\/uploads\/2025\/11\/Prueba-a-pozo-2.jpg 1080w, https:\/\/servicioscasmar.com\/web\/wp-content\/uploads\/2025\/11\/Prueba-a-pozo-2-300x92.jpg 300w, https:\/\/servicioscasmar.com\/web\/wp-content\/uploads\/2025\/11\/Prueba-a-pozo-2-1024x314.jpg 1024w, https:\/\/servicioscasmar.com\/web\/wp-content\/uploads\/2025\/11\/Prueba-a-pozo-2-768x235.jpg 768w, https:\/\/servicioscasmar.com\/web\/wp-content\/uploads\/2025\/11\/Prueba-a-pozo-2-1000x306.jpg 1000w, https:\/\/servicioscasmar.com\/web\/wp-content\/uploads\/2025\/11\/Prueba-a-pozo-2-230x70.jpg 230w, https:\/\/servicioscasmar.com\/web\/wp-content\/uploads\/2025\/11\/Prueba-a-pozo-2-350x107.jpg 350w, https:\/\/servicioscasmar.com\/web\/wp-content\/uploads\/2025\/11\/Prueba-a-pozo-2-480x147.jpg 480w\" sizes=\"(max-width: 1080px) 100vw, 1080px\" \/>\t\t\t\t\t\t\t\t\t\t\t\t\t\t\t<\/div>\n\t\t\t\t<div class=\"elementor-element elementor-element-c80c12b elementor-widget elementor-widget-menu-anchor\" data-id=\"c80c12b\" data-element_type=\"widget\" data-e-type=\"widget\" data-widget_type=\"menu-anchor.default\">\n\t\t\t\t\t\t\t<div class=\"elementor-menu-anchor\" id=\"vision\"><\/div>\n\t\t\t\t\t\t<\/div>\n\t\t\t\t<\/div>\n\t\t\t\t\t<\/div>\n\t\t\t\t<\/div>\n\t\t<div class=\"elementor-element elementor-element-a4b3dd7 e-grid e-con-boxed e-con e-parent\" data-id=\"a4b3dd7\" data-element_type=\"container\" data-e-type=\"container\">\n\t\t\t\t\t<div class=\"e-con-inner\">\n\t\t\t\t<div class=\"elementor-element elementor-element-700d638 elementor-widget elementor-widget-text-editor\" data-id=\"700d638\" data-element_type=\"widget\" data-e-type=\"widget\" data-widget_type=\"text-editor.default\">\n\t\t\t\t\t\t\t\t\t<ul><li>La gesti\u00f3n segura de los residuos y desechos generados.<\/li><li>El cumplimiento los requisitos normativos y legales en materia ambiental.<\/li><li>La implementaci\u00f3n de pr\u00e1cticas de trabajo que permiten el uso eficiente de los recursos naturales como el agua y la energ\u00eda el\u00e9ctrica.<\/li><li>La mejora continua del desempe\u00f1o ambiental mediante el logro de los objetivos ambientales establecidos.<\/li><\/ul><p>Esta pol\u00edtica ambiental cubre todas las actividades, procesos y servicios desarrolladas por <strong>Servicios Generales CASMAR C.A.<\/strong> y se extiende a nuestros proveedores y aliados bajo nuestro control.<\/p>\t\t\t\t\t\t\t\t<\/div>\n\t\t\t\t\t<\/div>\n\t\t\t\t<\/div>\n\t\t\t\t<\/div>\n\t\t","protected":false},"excerpt":{"rendered":"<p>Compromisos Pol\u00edtica de Calidad En SERVICIOS GENERALES CASMAR, C. A, tenemos el firme prop\u00f3sito de ser un aliado estrat\u00e9gico para la industria [&hellip;]<\/p>\n","protected":false},"author":1,"featured_media":0,"parent":0,"menu_order":0,"comment_status":"closed","ping_status":"closed","template":"page-templates\/page_front-page.php","meta":{"footnotes":""},"class_list":["post-1652","page","type-page","status-publish","hentry"],"_links":{"self":[{"href":"https:\/\/servicioscasmar.com\/web\/wp-json\/wp\/v2\/pages\/1652","targetHints":{"allow":["GET"]}}],"collection":[{"href":"https:\/\/servicioscasmar.com\/web\/wp-json\/wp\/v2\/pages"}],"about":[{"href":"https:\/\/servicioscasmar.com\/web\/wp-json\/wp\/v2\/types\/page"}],"author":[{"embeddable":true,"href":"https:\/\/servicioscasmar.com\/web\/wp-json\/wp\/v2\/users\/1"}],"replies":[{"embeddable":true,"href":"https:\/\/servicioscasmar.com\/web\/wp-json\/wp\/v2\/comments?post=1652"}],"version-history":[{"count":146,"href":"https:\/\/servicioscasmar.com\/web\/wp-json\/wp\/v2\/pages\/1652\/revisions"}],"predecessor-version":[{"id":1803,"href":"https:\/\/servicioscasmar.com\/web\/wp-json\/wp\/v2\/pages\/1652\/revisions\/1803"}],"wp:attachment":[{"href":"https:\/\/servicioscasmar.com\/web\/wp-json\/wp\/v2\/media?parent=1652"}],"curies":[{"name":"wp","href":"https:\/\/api.w.org\/{rel}","templated":true}]}}